{"id":3952,"date":"2024-12-09T15:32:19","date_gmt":"2024-12-09T20:32:19","guid":{"rendered":"https:\/\/mistorecolombia.com\/inicio\/?post_type=product&#038;p=3952"},"modified":"2025-06-26T17:23:20","modified_gmt":"2025-06-26T22:23:20","slug":"poco-c75","status":"publish","type":"product","link":"https:\/\/mistorecolombia.com\/inicio\/producto\/poco-c75\/","title":{"rendered":"Poco C75 256 Gb + 8Gb RAM"},"content":{"rendered":"<p style=\"text-align: center;\">Tama\u00f1o de la pantalla\u00a0:\u00a06.88\u00a0\u00bb<br \/>\n<span class=\"ui-pdp-color--BLACK ui-pdp-size--XSMALL ui-pdp-family--REGULAR\">Memoria interna:<\/span> 256<span class=\"ui-pdp-color--BLACK ui-pdp-size--XSMALL ui-pdp-family--SEMIBOLD\">GB con 8GB de ram<br \/>\nProcesador\u00a0:\u00a0Helio G81-Ultra<br \/>\nC\u00e1mara principal\u00a0:\u00a050\u00a0MP<br \/>\n<\/span><span class=\"ui-pdp-color--BLACK ui-pdp-size--XSMALL ui-pdp-family--SEMIBOLD\">C\u00e1mara frontal\u00a0:\u00a013\u00a0MP<br \/>\nCapacidad de la bater\u00eda\u00a0:\u00a05160\u00a0mAh (t\u00edp.)<br \/>\n<span class=\"ui-pdp-color--BLACK ui-pdp-size--XSMALL ui-pdp-family--REGULAR\">Desbloqueo:<\/span> Huella dactilar en pantalla y reconocimiento facial<\/span><\/p>\n<p>&nbsp;<\/p>\n","protected":false},"excerpt":{"rendered":"<ul class=\"ui-vpp-highlighted-specs__features-list\">\n<li class=\"ui-vpp-highlighted-specs__features-list-item ui-pdp-color--BLACK ui-pdp-size--XSMALL ui-pdp-family--REGULAR\" style=\"text-align: left;\">Dispositivo desbloqueado para que elijas la compa\u00f1\u00eda telef\u00f3nica que prefieras.<\/li>\n<li class=\"ui-vpp-highlighted-specs__features-list-item ui-pdp-color--BLACK ui-pdp-size--XSMALL ui-pdp-family--REGULAR\">Pantalla IPS de 6.88&#8243; calidad FullHD+ a 120Hz<\/li>\n<li class=\"ui-vpp-highlighted-specs__features-list-item ui-pdp-color--BLACK ui-pdp-size--XSMALL ui-pdp-family--REGULAR\">C\u00e1mara Principal de 50 Mpx<\/li>\n<li class=\"ui-vpp-highlighted-specs__features-list-item ui-pdp-color--BLACK ui-pdp-size--XSMALL ui-pdp-family--REGULAR\">C\u00e1mara delantera de 16Mpx.<\/li>\n<li class=\"ui-vpp-highlighted-specs__features-list-item ui-pdp-color--BLACK ui-pdp-size--XSMALL ui-pdp-family--REGULAR\">Procesador MediaTek Helio G81 Ultra con 8GB de ram<\/li>\n<li class=\"ui-vpp-highlighted-specs__features-list-item ui-pdp-color--BLACK ui-pdp-size--XSMALL ui-pdp-family--REGULAR\">Bater\u00eda de 5160 mAh con carga r\u00e1pida de 18W<\/li>\n<li class=\"ui-vpp-highlighted-specs__features-list-item ui-pdp-color--BLACK ui-pdp-size--XSMALL ui-pdp-family--REGULAR\">Memoria interna de 256GB<\/li>\n<li class=\"ui-vpp-highlighted-specs__features-list-item ui-pdp-color--BLACK ui-pdp-size--XSMALL ui-pdp-family--REGULAR\">Con reconocimiento facial y sensor de huella dactilar en pantalla<\/li>\n<\/ul>\n","protected":false},"featured_media":3956,"template":"","meta":{"_et_pb_use_builder":"","_et_pb_old_content":"","_et_gb_content_width":"","_exactmetrics_skip_tracking":false,"_exactmetrics_sitenote_active":false,"_exactmetrics_sitenote_note":"","_exactmetrics_sitenote_category":0,"_joinchat":{"telephone":"+573186395987","message_send":"Hola buenas, me interesa la promoci\u00f3n del POCO C75\n*Mi nombre es:*\n*Vivo en:*"}},"product_brand":[],"product_cat":[17],"product_tag":[],"class_list":{"0":"post-3952","1":"product","2":"type-product","3":"status-publish","4":"has-post-thumbnail","6":"product_cat-smartphones","7":"pa_bateria-5160-mah-2","8":"pa_carga-rapida-si","9":"pa_carga-rapida-si-18w","10":"pa_color-dorado","11":"pa_color-negro","12":"pa_color-verde","13":"pa_escaner-de-iris-no","14":"pa_flash-fontal-no","15":"pa_lector-de-huella-si","16":"pa_memoria-interna-rom-256-gb","17":"pa_memoria-ram-8-gb","18":"pa_memoria-sd-si","19":"pa_numero-de-sim-card-dos-2-sim-card","20":"pa_procesador-helio-g81-ultra","21":"pa_resistencia-al-agua-no","22":"pa_resolucion-camara-frontal-13-mp","23":"pa_resolucion-camara-trasera-50-mp","24":"pa_sistema-operativo-xiaomi-hyperos","25":"pa_tamano-de-pantalla-6-88","26":"pa_tipo-de-camara-trasera-triple","27":"pa_tipo-de-pantalla-120-hz","28":"pa_tipo-de-pantalla-lcd-fhd","30":"first","31":"outofstock","32":"shipping-taxable","33":"product-type-variable"},"jetpack_sharing_enabled":true,"_links":{"self":[{"href":"https:\/\/mistorecolombia.com\/inicio\/wp-json\/wp\/v2\/product\/3952","targetHints":{"allow":["GET"]}}],"collection":[{"href":"https:\/\/mistorecolombia.com\/inicio\/wp-json\/wp\/v2\/product"}],"about":[{"href":"https:\/\/mistorecolombia.com\/inicio\/wp-json\/wp\/v2\/types\/product"}],"wp:featuredmedia":[{"embeddable":true,"href":"https:\/\/mistorecolombia.com\/inicio\/wp-json\/wp\/v2\/media\/3956"}],"wp:attachment":[{"href":"https:\/\/mistorecolombia.com\/inicio\/wp-json\/wp\/v2\/media?parent=3952"}],"wp:term":[{"taxonomy":"product_brand","embeddable":true,"href":"https:\/\/mistorecolombia.com\/inicio\/wp-json\/wp\/v2\/product_brand?post=3952"},{"taxonomy":"product_cat","embeddable":true,"href":"https:\/\/mistorecolombia.com\/inicio\/wp-json\/wp\/v2\/product_cat?post=3952"},{"taxonomy":"product_tag","embeddable":true,"href":"https:\/\/mistorecolombia.com\/inicio\/wp-json\/wp\/v2\/product_tag?post=3952"}],"curies":[{"name":"wp","href":"https:\/\/api.w.org\/{rel}","templated":true}]}}