{"id":3826,"date":"2024-03-07T07:16:47","date_gmt":"2024-03-07T12:16:47","guid":{"rendered":"https:\/\/mistorecolombia.com\/inicio\/?post_type=product&#038;p=3826"},"modified":"2025-08-28T18:13:17","modified_gmt":"2025-08-28T23:13:17","slug":"poco-x6-pro","status":"publish","type":"product","link":"https:\/\/mistorecolombia.com\/inicio\/producto\/poco-x6-pro\/","title":{"rendered":"Poco X6 Pro  &#8211; 512Gb"},"content":{"rendered":"<ul class=\"ui-vpp-highlighted-specs__features-list\">\n<li class=\"ui-vpp-highlighted-specs__features-list-item ui-pdp-color--BLACK ui-pdp-size--XSMALL ui-pdp-family--REGULAR\" style=\"text-align: left;\">Dispositivo desbloqueado para que elijas la compa\u00f1\u00eda telef\u00f3nica que prefieras.<\/li>\n<li class=\"ui-vpp-highlighted-specs__features-list-item ui-pdp-color--BLACK ui-pdp-size--XSMALL ui-pdp-family--REGULAR\">Pantalla AMOLED de 6.67&#8243; a 120 Hz<\/li>\n<li class=\"ui-vpp-highlighted-specs__features-list-item ui-pdp-color--BLACK ui-pdp-size--XSMALL ui-pdp-family--REGULAR\">Tiene 3 c\u00e1maras traseras de 64Mpx\/8Mpx\/2Mpx<\/li>\n<li class=\"ui-vpp-highlighted-specs__features-list-item ui-pdp-color--BLACK ui-pdp-size--XSMALL ui-pdp-family--REGULAR\">C\u00e1mara delantera de 16Mpx.<\/li>\n<li class=\"ui-vpp-highlighted-specs__features-list-item ui-pdp-color--BLACK ui-pdp-size--XSMALL ui-pdp-family--REGULAR\">Procesador MediaTek Dimensity 8300 Ultra (4nm) con 12GB de RAM + 5G<\/li>\n<li class=\"ui-vpp-highlighted-specs__features-list-item ui-pdp-color--BLACK ui-pdp-size--XSMALL ui-pdp-family--REGULAR\">Bater\u00eda de 5000mAh con carga rapida de 67W<\/li>\n<li class=\"ui-vpp-highlighted-specs__features-list-item ui-pdp-color--BLACK ui-pdp-size--XSMALL ui-pdp-family--REGULAR\">Memoria interna de 512GB.<\/li>\n<li class=\"ui-vpp-highlighted-specs__features-list-item ui-pdp-color--BLACK ui-pdp-size--XSMALL ui-pdp-family--REGULAR\">Con reconocimiento facial y sensor de huella dactilar bajo la pantalla<\/li>\n<\/ul>\n<p style=\"text-align: center;\">\n","protected":false},"excerpt":{"rendered":"<ul class=\"ui-vpp-highlighted-specs__features-list\">\n<li class=\"ui-vpp-highlighted-specs__features-list-item ui-pdp-color--BLACK ui-pdp-size--XSMALL ui-pdp-family--REGULAR\" style=\"text-align: left;\">Dispositivo desbloqueado para que elijas la compa\u00f1\u00eda telef\u00f3nica que prefieras.<\/li>\n<li class=\"ui-vpp-highlighted-specs__features-list-item ui-pdp-color--BLACK ui-pdp-size--XSMALL ui-pdp-family--REGULAR\">Pantalla AMOLED de 6.67&#8243; a 120 Hz<\/li>\n<li class=\"ui-vpp-highlighted-specs__features-list-item ui-pdp-color--BLACK ui-pdp-size--XSMALL ui-pdp-family--REGULAR\">Tiene 3 c\u00e1maras traseras de 64Mpx\/8Mpx\/2Mpx<\/li>\n<li class=\"ui-vpp-highlighted-specs__features-list-item ui-pdp-color--BLACK ui-pdp-size--XSMALL ui-pdp-family--REGULAR\">C\u00e1mara delantera de 16Mpx.<\/li>\n<li class=\"ui-vpp-highlighted-specs__features-list-item ui-pdp-color--BLACK ui-pdp-size--XSMALL ui-pdp-family--REGULAR\">Procesador MediaTek Dimensity 8300 Ultra (4nm) con 12GB de RAM + 5G<\/li>\n<li class=\"ui-vpp-highlighted-specs__features-list-item ui-pdp-color--BLACK ui-pdp-size--XSMALL ui-pdp-family--REGULAR\">Bater\u00eda de 5000mAh con carga rapida de 67W<\/li>\n<li class=\"ui-vpp-highlighted-specs__features-list-item ui-pdp-color--BLACK ui-pdp-size--XSMALL ui-pdp-family--REGULAR\">Memoria interna de 512GB.<\/li>\n<li class=\"ui-vpp-highlighted-specs__features-list-item ui-pdp-color--BLACK ui-pdp-size--XSMALL ui-pdp-family--REGULAR\">Con reconocimiento facial y sensor de huella dactilar bajo la pantalla<\/li>\n<\/ul>\n","protected":false},"featured_media":3833,"template":"","meta":{"_et_pb_use_builder":"","_et_pb_old_content":"","_et_gb_content_width":"","_exactmetrics_skip_tracking":false,"_exactmetrics_sitenote_active":false,"_exactmetrics_sitenote_note":"","_exactmetrics_sitenote_category":0,"_joinchat":{"telephone":"+573186395987","message_send":"Hola buenas, me interesa la promoci\u00f3n del POCO X6 PRO\n*Mi nombre es:*\n*Vivo en:*"}},"product_brand":[],"product_cat":[17],"product_tag":[],"class_list":{"0":"post-3826","1":"product","2":"type-product","3":"status-publish","4":"has-post-thumbnail","6":"product_cat-smartphones","7":"pa_bateria-5-000-mah","8":"pa_carga-rapida-67w-turbo-charging","9":"pa_carga-rapida-si","10":"pa_color-amarillo","11":"pa_color-gris","12":"pa_color-negro","13":"pa_escaner-de-iris-no","14":"pa_flash-fontal-no","15":"pa_lector-de-huella-si","16":"pa_memoria-interna-rom-512-gb","17":"pa_memoria-ram-12-gb","18":"pa_memoria-sd-si","19":"pa_numero-de-sim-card-dos-2-sim-card","20":"pa_procesador-mediatek-dimensity-8300-ultra-4nm","21":"pa_resistencia-al-agua-no","22":"pa_resolucion-camara-frontal-16-mp","23":"pa_resolucion-camara-trasera-2-mp","24":"pa_resolucion-camara-trasera-64-mp","25":"pa_resolucion-camara-trasera-8-mp","26":"pa_sistema-operativo-android-14","27":"pa_sistema-operativo-xiaomi-hyperos","28":"pa_tamano-de-pantalla-6-67","29":"pa_tipo-de-camara-trasera-triple","30":"pa_tipo-de-pantalla-amoled","31":"pa_tipo-de-pantalla-amoled-120-hz","33":"first","34":"outofstock","35":"sale","36":"shipping-taxable","37":"purchasable","38":"product-type-variable"},"jetpack_sharing_enabled":true,"_links":{"self":[{"href":"https:\/\/mistorecolombia.com\/inicio\/wp-json\/wp\/v2\/product\/3826","targetHints":{"allow":["GET"]}}],"collection":[{"href":"https:\/\/mistorecolombia.com\/inicio\/wp-json\/wp\/v2\/product"}],"about":[{"href":"https:\/\/mistorecolombia.com\/inicio\/wp-json\/wp\/v2\/types\/product"}],"wp:featuredmedia":[{"embeddable":true,"href":"https:\/\/mistorecolombia.com\/inicio\/wp-json\/wp\/v2\/media\/3833"}],"wp:attachment":[{"href":"https:\/\/mistorecolombia.com\/inicio\/wp-json\/wp\/v2\/media?parent=3826"}],"wp:term":[{"taxonomy":"product_brand","embeddable":true,"href":"https:\/\/mistorecolombia.com\/inicio\/wp-json\/wp\/v2\/product_brand?post=3826"},{"taxonomy":"product_cat","embeddable":true,"href":"https:\/\/mistorecolombia.com\/inicio\/wp-json\/wp\/v2\/product_cat?post=3826"},{"taxonomy":"product_tag","embeddable":true,"href":"https:\/\/mistorecolombia.com\/inicio\/wp-json\/wp\/v2\/product_tag?post=3826"}],"curies":[{"name":"wp","href":"https:\/\/api.w.org\/{rel}","templated":true}]}}