{"id":3816,"date":"2024-03-07T13:15:06","date_gmt":"2024-03-07T12:15:06","guid":{"rendered":"https:\/\/mistorecolombia.com\/inicio\/?post_type=product&#038;p=3816"},"modified":"2024-12-12T17:56:40","modified_gmt":"2024-12-12T22:56:40","slug":"poco-m6-pro","status":"publish","type":"product","link":"https:\/\/mistorecolombia.com\/inicio\/producto\/poco-m6-pro\/","title":{"rendered":"Poco M6 Pro 256 Gb + 8Gb RAM"},"content":{"rendered":"<p style=\"text-align: center;\"><span class=\"ui-pdp-color--BLACK ui-pdp-size--XSMALL ui-pdp-family--REGULAR\">Tama\u00f1o de la pantalla<\/span>:\u00a0<span class=\"ui-pdp-color--BLACK ui-pdp-size--XSMALL ui-pdp-family--SEMIBOLD\">6.67&#8243; FullHD+ a 120Hz<\/span><br \/>\n<span class=\"ui-pdp-color--BLACK ui-pdp-size--XSMALL ui-pdp-family--REGULAR\">Memoria interna:<\/span> 256<span class=\"ui-pdp-color--BLACK ui-pdp-size--XSMALL ui-pdp-family--SEMIBOLD\">GB\/ 512GB con 8GB o 12GB de ram<br \/>\n<span class=\"ui-pdp-color--BLACK ui-pdp-size--XSMALL ui-pdp-family--REGULAR\">C\u00e1mara trasera principal:<\/span> 64Mpx\/8Mpx\/2Mpx<br \/>\n<\/span><span class=\"ui-pdp-color--BLACK ui-pdp-size--XSMALL ui-pdp-family--REGULAR\">C\u00e1mara frontal principal:<\/span> 16<span class=\"ui-pdp-color--BLACK ui-pdp-size--XSMALL ui-pdp-family--SEMIBOLD\">\u00a0Mpx<br \/>\n<span class=\"ui-pdp-color--BLACK ui-pdp-size--XSMALL ui-pdp-family--REGULAR\">Desbloqueo:<\/span> Huella dactilar en pantalla y reconocimiento facial<\/span><\/p>\n<p>&nbsp;<\/p>\n","protected":false},"excerpt":{"rendered":"<ul class=\"ui-vpp-highlighted-specs__features-list\">\n<li class=\"ui-vpp-highlighted-specs__features-list-item ui-pdp-color--BLACK ui-pdp-size--XSMALL ui-pdp-family--REGULAR\" style=\"text-align: left;\">Dispositivo desbloqueado para que elijas la compa\u00f1\u00eda telef\u00f3nica que prefieras.<\/li>\n<li class=\"ui-vpp-highlighted-specs__features-list-item ui-pdp-color--BLACK ui-pdp-size--XSMALL ui-pdp-family--REGULAR\">Pantalla AMOLED de 6.67&#8243; calidad FullHD+ a 120Hz \/ Corning Gorilla Glass 5<\/li>\n<li class=\"ui-vpp-highlighted-specs__features-list-item ui-pdp-color--BLACK ui-pdp-size--XSMALL ui-pdp-family--REGULAR\">Tiene 3 c\u00e1maras traseras de 64Mpx\/8Mpx\/2Mpx<\/li>\n<li class=\"ui-vpp-highlighted-specs__features-list-item ui-pdp-color--BLACK ui-pdp-size--XSMALL ui-pdp-family--REGULAR\">C\u00e1mara delantera de 16Mpx.<\/li>\n<li class=\"ui-vpp-highlighted-specs__features-list-item ui-pdp-color--BLACK ui-pdp-size--XSMALL ui-pdp-family--REGULAR\">Procesador MediaTek Helio G99 Ultra con 12GB de ram<\/li>\n<li class=\"ui-vpp-highlighted-specs__features-list-item ui-pdp-color--BLACK ui-pdp-size--XSMALL ui-pdp-family--REGULAR\">Bater\u00eda de 5000mAh con carga r\u00e1pida de 67W<\/li>\n<li class=\"ui-vpp-highlighted-specs__features-list-item ui-pdp-color--BLACK ui-pdp-size--XSMALL ui-pdp-family--REGULAR\">Memoria interna de 512GB<\/li>\n<li class=\"ui-vpp-highlighted-specs__features-list-item ui-pdp-color--BLACK ui-pdp-size--XSMALL ui-pdp-family--REGULAR\">Con reconocimiento facial y sensor de huella dactilar en pantalla<\/li>\n<\/ul>\n","protected":false},"featured_media":3824,"template":"","meta":{"_et_pb_use_builder":"","_et_pb_old_content":"","_et_gb_content_width":"","_exactmetrics_skip_tracking":false,"_exactmetrics_sitenote_active":false,"_exactmetrics_sitenote_note":"","_exactmetrics_sitenote_category":0,"_joinchat":{"telephone":"+573186395987","message_send":"Hola buenas, me interesa la promoci\u00f3n del POCO M6 PRO\n*Mi nombre es:*\n*Vivo en:*"}},"product_brand":[],"product_cat":[17],"product_tag":[],"class_list":{"0":"post-3816","1":"product","2":"type-product","3":"status-publish","4":"has-post-thumbnail","6":"product_cat-smartphones","7":"pa_bateria-5-000-mah","8":"pa_carga-rapida-si","9":"pa_carga-rapida-si-67-w","10":"pa_color-azul","11":"pa_color-gris","12":"pa_color-morado","13":"pa_escaner-de-iris-no","14":"pa_flash-fontal-no","15":"pa_lector-de-huella-si","16":"pa_lector-de-huella-si-en-pantalla","17":"pa_memoria-interna-rom-512-gb","18":"pa_memoria-ram-12-gb","19":"pa_memoria-sd-si","20":"pa_numero-de-sim-card-dos-2-sim-card","21":"pa_procesador-mediatek-helio-g99-ultra","22":"pa_resistencia-al-agua-no","23":"pa_resolucion-camara-frontal-16-mp","24":"pa_resolucion-camara-trasera-2-mp","25":"pa_resolucion-camara-trasera-64-mp","26":"pa_resolucion-camara-trasera-8-mp","27":"pa_sistema-operativo-android-13","28":"pa_sistema-operativo-miui-14","29":"pa_tamano-de-pantalla-6-67","30":"pa_tipo-de-camara-trasera-triple","31":"pa_tipo-de-pantalla-120-hz","32":"pa_tipo-de-pantalla-amoled-fhd","34":"first","35":"outofstock","36":"shipping-taxable","37":"product-type-variable"},"jetpack_sharing_enabled":true,"_links":{"self":[{"href":"https:\/\/mistorecolombia.com\/inicio\/wp-json\/wp\/v2\/product\/3816","targetHints":{"allow":["GET"]}}],"collection":[{"href":"https:\/\/mistorecolombia.com\/inicio\/wp-json\/wp\/v2\/product"}],"about":[{"href":"https:\/\/mistorecolombia.com\/inicio\/wp-json\/wp\/v2\/types\/product"}],"wp:featuredmedia":[{"embeddable":true,"href":"https:\/\/mistorecolombia.com\/inicio\/wp-json\/wp\/v2\/media\/3824"}],"wp:attachment":[{"href":"https:\/\/mistorecolombia.com\/inicio\/wp-json\/wp\/v2\/media?parent=3816"}],"wp:term":[{"taxonomy":"product_brand","embeddable":true,"href":"https:\/\/mistorecolombia.com\/inicio\/wp-json\/wp\/v2\/product_brand?post=3816"},{"taxonomy":"product_cat","embeddable":true,"href":"https:\/\/mistorecolombia.com\/inicio\/wp-json\/wp\/v2\/product_cat?post=3816"},{"taxonomy":"product_tag","embeddable":true,"href":"https:\/\/mistorecolombia.com\/inicio\/wp-json\/wp\/v2\/product_tag?post=3816"}],"curies":[{"name":"wp","href":"https:\/\/api.w.org\/{rel}","templated":true}]}}