{"id":3806,"date":"2024-03-07T13:06:37","date_gmt":"2024-03-07T12:06:37","guid":{"rendered":"https:\/\/mistorecolombia.com\/inicio\/?post_type=product&#038;p=3806"},"modified":"2025-09-30T09:51:30","modified_gmt":"2025-09-30T14:51:30","slug":"redmi-note-13-pro","status":"publish","type":"product","link":"https:\/\/mistorecolombia.com\/inicio\/producto\/redmi-note-13-pro\/","title":{"rendered":"Redmi Note 13 Pro"},"content":{"rendered":"<ul class=\"ui-vpp-highlighted-specs__features-list\">\n<li class=\"ui-vpp-highlighted-specs__features-list-item ui-pdp-color--BLACK ui-pdp-size--XSMALL ui-pdp-family--REGULAR\" style=\"text-align: left;\">Dispositivo desbloqueado para que elijas la compa\u00f1\u00eda telef\u00f3nica que prefieras.<\/li>\n<li class=\"ui-vpp-highlighted-specs__features-list-item ui-pdp-color--BLACK ui-pdp-size--XSMALL ui-pdp-family--REGULAR\">Pantalla AMOLED de 6.67&#8243; FullHD+ a 120Hz<\/li>\n<li class=\"ui-vpp-highlighted-specs__features-list-item ui-pdp-color--BLACK ui-pdp-size--XSMALL ui-pdp-family--REGULAR\">Tiene 3 c\u00e1maras traseras de 200Mpx\/8Mpx\/2Mpx<\/li>\n<li class=\"ui-vpp-highlighted-specs__features-list-item ui-pdp-color--BLACK ui-pdp-size--XSMALL ui-pdp-family--REGULAR\">C\u00e1mara delantera de 16Mpx.<\/li>\n<li class=\"ui-vpp-highlighted-specs__features-list-item ui-pdp-color--BLACK ui-pdp-size--XSMALL ui-pdp-family--REGULAR\">Procesador Mediatek Helio G99 Ultra<\/li>\n<li class=\"ui-vpp-highlighted-specs__features-list-item ui-pdp-color--BLACK ui-pdp-size--XSMALL ui-pdp-family--REGULAR\">RAM 8GB -12GB<\/li>\n<li class=\"ui-vpp-highlighted-specs__features-list-item ui-pdp-color--BLACK ui-pdp-size--XSMALL ui-pdp-family--REGULAR\">Bater\u00eda de 5000mAh con carga r\u00e1pida de 67W<\/li>\n<li class=\"ui-vpp-highlighted-specs__features-list-item ui-pdp-color--BLACK ui-pdp-size--XSMALL ui-pdp-family--REGULAR\">Memoria interna de 256GB 512GB<\/li>\n<li class=\"ui-vpp-highlighted-specs__features-list-item ui-pdp-color--BLACK ui-pdp-size--XSMALL ui-pdp-family--REGULAR\">Con reconocimiento facial y sensor de huella dactilar.<\/li>\n<\/ul>\n","protected":false},"excerpt":{"rendered":"<ul class=\"ui-vpp-highlighted-specs__features-list\">\n<li class=\"ui-vpp-highlighted-specs__features-list-item ui-pdp-color--BLACK ui-pdp-size--XSMALL ui-pdp-family--REGULAR\" style=\"text-align: left;\">Dispositivo desbloqueado para que elijas la compa\u00f1\u00eda telef\u00f3nica que prefieras.<\/li>\n<li class=\"ui-vpp-highlighted-specs__features-list-item ui-pdp-color--BLACK ui-pdp-size--XSMALL ui-pdp-family--REGULAR\">Pantalla AMOLED de 6.67&#8243; FullHD+ a 120Hz<\/li>\n<li class=\"ui-vpp-highlighted-specs__features-list-item ui-pdp-color--BLACK ui-pdp-size--XSMALL ui-pdp-family--REGULAR\">Tiene 3 c\u00e1maras traseras de 200Mpx\/8Mpx\/2Mpx<\/li>\n<li class=\"ui-vpp-highlighted-specs__features-list-item ui-pdp-color--BLACK ui-pdp-size--XSMALL ui-pdp-family--REGULAR\">C\u00e1mara delantera de 16Mpx.<\/li>\n<li class=\"ui-vpp-highlighted-specs__features-list-item ui-pdp-color--BLACK ui-pdp-size--XSMALL ui-pdp-family--REGULAR\">Procesador Mediatek Helio G99 Ultra con 8GB de RAM.<\/li>\n<li class=\"ui-vpp-highlighted-specs__features-list-item ui-pdp-color--BLACK ui-pdp-size--XSMALL ui-pdp-family--REGULAR\">Bater\u00eda de 5000mAh con carga r\u00e1pida de 67W<\/li>\n<li class=\"ui-vpp-highlighted-specs__features-list-item ui-pdp-color--BLACK ui-pdp-size--XSMALL ui-pdp-family--REGULAR\">Memoria interna de 256GB<\/li>\n<li class=\"ui-vpp-highlighted-specs__features-list-item ui-pdp-color--BLACK ui-pdp-size--XSMALL ui-pdp-family--REGULAR\">Con reconocimiento facial y sensor de huella dactilar.<\/li>\n<\/ul>\n","protected":false},"featured_media":4046,"template":"","meta":{"_et_pb_use_builder":"","_et_pb_old_content":"","_et_gb_content_width":"","_exactmetrics_skip_tracking":false,"_exactmetrics_sitenote_active":false,"_exactmetrics_sitenote_note":"","_exactmetrics_sitenote_category":0,"_joinchat":{"telephone":"+573186395987","message_send":"Hola buenas, me interesa la promoci\u00f3n del REDMI NOTE 13 PRO *Mi nombre es:*\n*Vivo en:*"}},"product_brand":[],"product_cat":[17],"product_tag":[],"class_list":{"0":"post-3806","1":"product","2":"type-product","3":"status-publish","4":"has-post-thumbnail","6":"product_cat-smartphones","7":"pa_bateria-5-000-mah","8":"pa_carga-rapida-si","9":"pa_carga-rapida-si-67-w","10":"pa_color-azul","11":"pa_color-blanco","12":"pa_color-gris","13":"pa_color-morado","14":"pa_color-negro","15":"pa_color-verde","16":"pa_escaner-de-iris-no","17":"pa_flash-fontal-no","18":"pa_lector-de-huella-si","19":"pa_lector-de-huella-si-lateral","20":"pa_memoria-interna-rom-256-gb","21":"pa_memoria-interna-rom-512-gb","22":"pa_memoria-ram-12-gb","23":"pa_memoria-ram-8-gb","24":"pa_memoria-sd-si","25":"pa_numero-de-sim-card-dos-2-sim-card","26":"pa_procesador-mediatek-helio-g99-ultra","27":"pa_resistencia-al-agua-no","28":"pa_resolucion-camara-frontal-16-mp","29":"pa_resolucion-camara-trasera-2-mp","30":"pa_resolucion-camara-trasera-200-mp","31":"pa_resolucion-camara-trasera-8-mp","32":"pa_sistema-operativo-android-13","33":"pa_sistema-operativo-miui-14","34":"pa_tamano-de-pantalla-6-67","35":"pa_tipo-de-camara-trasera-triple","36":"pa_tipo-de-pantalla-120-hz","37":"pa_tipo-de-pantalla-amoled-fhd","39":"first","40":"outofstock","41":"shipping-taxable","42":"product-type-variable"},"jetpack_sharing_enabled":true,"_links":{"self":[{"href":"https:\/\/mistorecolombia.com\/inicio\/wp-json\/wp\/v2\/product\/3806","targetHints":{"allow":["GET"]}}],"collection":[{"href":"https:\/\/mistorecolombia.com\/inicio\/wp-json\/wp\/v2\/product"}],"about":[{"href":"https:\/\/mistorecolombia.com\/inicio\/wp-json\/wp\/v2\/types\/product"}],"wp:featuredmedia":[{"embeddable":true,"href":"https:\/\/mistorecolombia.com\/inicio\/wp-json\/wp\/v2\/media\/4046"}],"wp:attachment":[{"href":"https:\/\/mistorecolombia.com\/inicio\/wp-json\/wp\/v2\/media?parent=3806"}],"wp:term":[{"taxonomy":"product_brand","embeddable":true,"href":"https:\/\/mistorecolombia.com\/inicio\/wp-json\/wp\/v2\/product_brand?post=3806"},{"taxonomy":"product_cat","embeddable":true,"href":"https:\/\/mistorecolombia.com\/inicio\/wp-json\/wp\/v2\/product_cat?post=3806"},{"taxonomy":"product_tag","embeddable":true,"href":"https:\/\/mistorecolombia.com\/inicio\/wp-json\/wp\/v2\/product_tag?post=3806"}],"curies":[{"name":"wp","href":"https:\/\/api.w.org\/{rel}","templated":true}]}}