{"id":3786,"date":"2024-03-07T13:00:03","date_gmt":"2024-03-07T12:00:03","guid":{"rendered":"https:\/\/mistorecolombia.com\/inicio\/?post_type=product&#038;p=3786"},"modified":"2024-07-15T22:51:05","modified_gmt":"2024-07-15T20:51:05","slug":"redmi-note-12","status":"publish","type":"product","link":"https:\/\/mistorecolombia.com\/inicio\/producto\/redmi-note-12\/","title":{"rendered":"Redmi Note 12"},"content":{"rendered":"<p style=\"text-align: center;\">Pantalla AMOLED de 120 Hz | Carga r\u00e1pida de 33 W<\/p>\n<p>&nbsp;<\/p>\n","protected":false},"excerpt":{"rendered":"<ul class=\"ui-vpp-highlighted-specs__features-list\">\n<li class=\"ui-vpp-highlighted-specs__features-list-item ui-pdp-color--BLACK ui-pdp-size--XSMALL ui-pdp-family--REGULAR\">Dispositivo desbloqueado para que elijas la compa\u00f1\u00eda telef\u00f3nica que prefieras.<\/li>\n<li class=\"ui-vpp-highlighted-specs__features-list-item ui-pdp-color--BLACK ui-pdp-size--XSMALL ui-pdp-family--REGULAR\">Pantalla AMOLED de 6.67&#8243; Calidad FullHD+ a 120Hz<\/li>\n<li class=\"ui-vpp-highlighted-specs__features-list-item ui-pdp-color--BLACK ui-pdp-size--XSMALL ui-pdp-family--REGULAR\">Tiene 3 c\u00e1maras traseras de 50Mpx\/8Mpx\/2Mpx<\/li>\n<li class=\"ui-vpp-highlighted-specs__features-list-item ui-pdp-color--BLACK ui-pdp-size--XSMALL ui-pdp-family--REGULAR\">C\u00e1mara delantera de 13Mpx<\/li>\n<li class=\"ui-vpp-highlighted-specs__features-list-item ui-pdp-color--BLACK ui-pdp-size--XSMALL ui-pdp-family--REGULAR\">Procesador Snapdragon 685 con 4GB u 8GB de ram<\/li>\n<li class=\"ui-vpp-highlighted-specs__features-list-item ui-pdp-color--BLACK ui-pdp-size--XSMALL ui-pdp-family--REGULAR\">Bater\u00eda de 5000mAh con carga r\u00e1pida de 33W<\/li>\n<li class=\"ui-vpp-highlighted-specs__features-list-item ui-pdp-color--BLACK ui-pdp-size--XSMALL ui-pdp-family--REGULAR\">Memoria interna de 64GB o 128GB<\/li>\n<li class=\"ui-vpp-highlighted-specs__features-list-item ui-pdp-color--BLACK ui-pdp-size--XSMALL ui-pdp-family--REGULAR\">Con reconocimiento facial y sensor de huella dactilar lateral<\/li>\n<\/ul>\n","protected":false},"featured_media":3795,"template":"","meta":{"_et_pb_use_builder":"","_et_pb_old_content":"","_et_gb_content_width":"","_exactmetrics_skip_tracking":false,"_exactmetrics_sitenote_active":false,"_exactmetrics_sitenote_note":"","_exactmetrics_sitenote_category":0,"_joinchat":{"telephone":"+573186395987","message_send":"Hola buenas, me interesa la promoci\u00f3n del REDMI NOTE 12 *Mi nombre es:*\n*Vivo en:*"}},"product_brand":[],"product_cat":[17],"product_tag":[],"class_list":{"0":"post-3786","1":"product","2":"type-product","3":"status-publish","4":"has-post-thumbnail","6":"product_cat-smartphones","7":"pa_bateria-5-000-mah","8":"pa_carga-rapida-si-33w","9":"pa_color-azul","10":"pa_color-gris","11":"pa_color-verde","12":"pa_escaner-de-iris-no","13":"pa_flash-fontal-no","14":"pa_lector-de-huella-si","15":"pa_memoria-interna-rom-128-gb","16":"pa_memoria-interna-rom-64-gb","17":"pa_memoria-ram-4-gb","18":"pa_memoria-sd-si","19":"pa_numero-de-sim-card-dos-2-sim-card","20":"pa_procesador-snapdragon-685","21":"pa_resistencia-al-agua-no","22":"pa_resolucion-camara-frontal-13-mp","23":"pa_resolucion-camara-trasera-2-mp","24":"pa_resolucion-camara-trasera-50mp","25":"pa_resolucion-camara-trasera-8-mp","26":"pa_sistema-operativo-android-13","27":"pa_sistema-operativo-miui-14","28":"pa_tamano-de-pantalla-6-67","29":"pa_tipo-de-camara-trasera-triple","30":"pa_tipo-de-pantalla-120-hz","31":"pa_tipo-de-pantalla-amoled-fhd","33":"first","34":"outofstock","35":"shipping-taxable","36":"product-type-variable"},"jetpack_sharing_enabled":true,"_links":{"self":[{"href":"https:\/\/mistorecolombia.com\/inicio\/wp-json\/wp\/v2\/product\/3786","targetHints":{"allow":["GET"]}}],"collection":[{"href":"https:\/\/mistorecolombia.com\/inicio\/wp-json\/wp\/v2\/product"}],"about":[{"href":"https:\/\/mistorecolombia.com\/inicio\/wp-json\/wp\/v2\/types\/product"}],"wp:featuredmedia":[{"embeddable":true,"href":"https:\/\/mistorecolombia.com\/inicio\/wp-json\/wp\/v2\/media\/3795"}],"wp:attachment":[{"href":"https:\/\/mistorecolombia.com\/inicio\/wp-json\/wp\/v2\/media?parent=3786"}],"wp:term":[{"taxonomy":"product_brand","embeddable":true,"href":"https:\/\/mistorecolombia.com\/inicio\/wp-json\/wp\/v2\/product_brand?post=3786"},{"taxonomy":"product_cat","embeddable":true,"href":"https:\/\/mistorecolombia.com\/inicio\/wp-json\/wp\/v2\/product_cat?post=3786"},{"taxonomy":"product_tag","embeddable":true,"href":"https:\/\/mistorecolombia.com\/inicio\/wp-json\/wp\/v2\/product_tag?post=3786"}],"curies":[{"name":"wp","href":"https:\/\/api.w.org\/{rel}","templated":true}]}}