{"id":3775,"date":"2024-03-07T12:51:40","date_gmt":"2024-03-07T11:51:40","guid":{"rendered":"https:\/\/mistorecolombia.com\/inicio\/?post_type=product&#038;p=3775"},"modified":"2025-02-23T15:52:34","modified_gmt":"2025-02-23T20:52:34","slug":"redmi-12","status":"publish","type":"product","link":"https:\/\/mistorecolombia.com\/inicio\/producto\/redmi-12\/","title":{"rendered":"Redmi 12"},"content":{"rendered":"<p style=\"text-align: center;\">\u00a0Gran pantalla FHD+ a 90 Hz<\/p>\n<p style=\"text-align: center;\">Dise\u00f1o premium con cristal trasero<\/p>\n<p>&nbsp;<\/p>\n","protected":false},"excerpt":{"rendered":"<ul class=\"ui-vpp-highlighted-specs__features-list\">\n<li class=\"ui-vpp-highlighted-specs__features-list-item ui-pdp-color--BLACK ui-pdp-size--XSMALL ui-pdp-family--REGULAR\">Dispositivo desbloqueado para que elijas la compa\u00f1\u00eda telef\u00f3nica que prefieras.<\/li>\n<li class=\"ui-vpp-highlighted-specs__features-list-item ui-pdp-color--BLACK ui-pdp-size--XSMALL ui-pdp-family--REGULAR\">Pantalla IPS LCD de 6,79&#8243; Calidad FullHD+ a 90Hz<\/li>\n<li class=\"ui-vpp-highlighted-specs__features-list-item ui-pdp-color--BLACK ui-pdp-size--XSMALL ui-pdp-family--REGULAR\">Tiene 3 c\u00e1maras traseras de 50Mpx\/8Mpx\/2Mpx<\/li>\n<li class=\"ui-vpp-highlighted-specs__features-list-item ui-pdp-color--BLACK ui-pdp-size--XSMALL ui-pdp-family--REGULAR\">C\u00e1mara delantera de 8Mpx.<\/li>\n<li class=\"ui-vpp-highlighted-specs__features-list-item ui-pdp-color--BLACK ui-pdp-size--XSMALL ui-pdp-family--REGULAR\">Procesador MediaTek Helio G88 Octa-Core con 4 u 8 GB de ram<\/li>\n<li class=\"ui-vpp-highlighted-specs__features-list-item ui-pdp-color--BLACK ui-pdp-size--XSMALL ui-pdp-family--REGULAR\">Bater\u00eda de 5000mAh con carga r\u00e1pida de 18W<\/li>\n<li class=\"ui-vpp-highlighted-specs__features-list-item ui-pdp-color--BLACK ui-pdp-size--XSMALL ui-pdp-family--REGULAR\">Memoria interna de 128GB o 256GB (MicroSD hasta 1TB)<\/li>\n<li class=\"ui-vpp-highlighted-specs__features-list-item ui-pdp-color--BLACK ui-pdp-size--XSMALL ui-pdp-family--REGULAR\">Con reconocimiento facial, sensor de huella dactilar lateral y resistencia al agua IP53<\/li>\n<\/ul>\n","protected":false},"featured_media":3782,"template":"","meta":{"_et_pb_use_builder":"","_et_pb_old_content":"","_et_gb_content_width":"","_exactmetrics_skip_tracking":false,"_exactmetrics_sitenote_active":false,"_exactmetrics_sitenote_note":"","_exactmetrics_sitenote_category":0,"_joinchat":{"telephone":"+573186395987","message_send":"Hola buenas, me interesa la promoci\u00f3n del REDMI 12 *Mi nombre es:*\n*Vivo en:*"}},"product_brand":[],"product_cat":[17],"product_tag":[],"class_list":{"0":"post-3775","1":"product","2":"type-product","3":"status-publish","4":"has-post-thumbnail","6":"product_cat-smartphones","7":"pa_bateria-5-000-mah","8":"pa_carga-rapida-si-18w","9":"pa_color-azul","10":"pa_color-blanco","11":"pa_color-gris","12":"pa_escaner-de-iris-no","13":"pa_flash-fontal-no","14":"pa_lector-de-huella-si","15":"pa_memoria-interna-rom-128-gb","16":"pa_memoria-interna-rom-256-gb","17":"pa_memoria-ram-4-gb","18":"pa_memoria-ram-8-gb","19":"pa_memoria-sd-si","20":"pa_numero-de-sim-card-dos-2-sim-card","21":"pa_procesador-helio-g88","22":"pa_resistencia-al-agua-no","23":"pa_resolucion-camara-frontal-8-mp","24":"pa_resolucion-camara-trasera-50mp","25":"pa_sistema-operativo-android-13","26":"pa_sistema-operativo-miui-14","27":"pa_tamano-de-pantalla-310","28":"pa_tipo-de-camara-trasera-triple","29":"pa_tipo-de-pantalla-90hz","30":"pa_tipo-de-pantalla-lcd-fhd","32":"first","33":"outofstock","34":"sale","35":"shipping-taxable","36":"purchasable","37":"product-type-variable"},"jetpack_sharing_enabled":true,"_links":{"self":[{"href":"https:\/\/mistorecolombia.com\/inicio\/wp-json\/wp\/v2\/product\/3775","targetHints":{"allow":["GET"]}}],"collection":[{"href":"https:\/\/mistorecolombia.com\/inicio\/wp-json\/wp\/v2\/product"}],"about":[{"href":"https:\/\/mistorecolombia.com\/inicio\/wp-json\/wp\/v2\/types\/product"}],"wp:featuredmedia":[{"embeddable":true,"href":"https:\/\/mistorecolombia.com\/inicio\/wp-json\/wp\/v2\/media\/3782"}],"wp:attachment":[{"href":"https:\/\/mistorecolombia.com\/inicio\/wp-json\/wp\/v2\/media?parent=3775"}],"wp:term":[{"taxonomy":"product_brand","embeddable":true,"href":"https:\/\/mistorecolombia.com\/inicio\/wp-json\/wp\/v2\/product_brand?post=3775"},{"taxonomy":"product_cat","embeddable":true,"href":"https:\/\/mistorecolombia.com\/inicio\/wp-json\/wp\/v2\/product_cat?post=3775"},{"taxonomy":"product_tag","embeddable":true,"href":"https:\/\/mistorecolombia.com\/inicio\/wp-json\/wp\/v2\/product_tag?post=3775"}],"curies":[{"name":"wp","href":"https:\/\/api.w.org\/{rel}","templated":true}]}}