{"id":3765,"date":"2024-03-06T23:19:44","date_gmt":"2024-03-06T22:19:44","guid":{"rendered":"https:\/\/mistorecolombia.com\/inicio\/?post_type=product&#038;p=3765"},"modified":"2025-01-23T12:43:19","modified_gmt":"2025-01-23T17:43:19","slug":"redmi-13c","status":"publish","type":"product","link":"https:\/\/mistorecolombia.com\/inicio\/producto\/redmi-13c\/","title":{"rendered":"Redmi 13C"},"content":{"rendered":"<p style=\"text-align: center;\"><span class=\"ui-pdp-color--BLACK ui-pdp-size--XSMALL ui-pdp-family--SEMIBOLD\">Pantalla fluida de 6,74\u00bb y 90 Hz*<br \/>\nC\u00e1mara triple de 50 MP con IA<\/span><\/p>\n<p>&nbsp;<\/p>\n","protected":false},"excerpt":{"rendered":"<ul class=\"ui-vpp-highlighted-specs__features-list\">\n<li class=\"ui-vpp-highlighted-specs__features-list-item ui-pdp-color--BLACK ui-pdp-size--XSMALL ui-pdp-family--REGULAR\">Dispositivo desbloqueado para que elijas la compa\u00f1\u00eda telef\u00f3nica que prefieras.<\/li>\n<li class=\"ui-vpp-highlighted-specs__features-list-item ui-pdp-color--BLACK ui-pdp-size--XSMALL ui-pdp-family--REGULAR\">Pantalla LCD 6,74&#8243; Calidad HD+ a 90Hz<\/li>\n<li class=\"ui-vpp-highlighted-specs__features-list-item ui-pdp-color--BLACK ui-pdp-size--XSMALL ui-pdp-family--REGULAR\">Tiene 2 c\u00e1maras traseras de 50Mpx\/2Mpx<\/li>\n<li class=\"ui-vpp-highlighted-specs__features-list-item ui-pdp-color--BLACK ui-pdp-size--XSMALL ui-pdp-family--REGULAR\">C\u00e1mara delantera de 8Mpx.<\/li>\n<li class=\"ui-vpp-highlighted-specs__features-list-item ui-pdp-color--BLACK ui-pdp-size--XSMALL ui-pdp-family--REGULAR\">Procesador MediaTek Helio G85 con 4GB o 6GB de RAM.<\/li>\n<li class=\"ui-vpp-highlighted-specs__features-list-item ui-pdp-color--BLACK ui-pdp-size--XSMALL ui-pdp-family--REGULAR\">Bater\u00eda de 5000mAh con carga r\u00e1pida de 18W<\/li>\n<li class=\"ui-vpp-highlighted-specs__features-list-item ui-pdp-color--BLACK ui-pdp-size--XSMALL ui-pdp-family--REGULAR\">Memoria interna de 128GB o 256GB<\/li>\n<li class=\"ui-vpp-highlighted-specs__features-list-item ui-pdp-color--BLACK ui-pdp-size--XSMALL ui-pdp-family--REGULAR\">Con reconocimiento facial y sensor de huella dactilar en el lateral<\/li>\n<\/ul>\n","protected":false},"featured_media":3769,"template":"","meta":{"_et_pb_use_builder":"","_et_pb_old_content":"","_et_gb_content_width":"","_exactmetrics_skip_tracking":false,"_exactmetrics_sitenote_active":false,"_exactmetrics_sitenote_note":"","_exactmetrics_sitenote_category":0,"_joinchat":{"telephone":"+573186395987","message_send":"Hola buenas, me interesa la promoci\u00f3n del REDMI 13C *Mi nombre es:*\n*Vivo en:*"}},"product_brand":[],"product_cat":[17],"product_tag":[],"class_list":{"0":"post-3765","1":"product","2":"type-product","3":"status-publish","4":"has-post-thumbnail","6":"product_cat-smartphones","7":"pa_bateria-5-000-mah","8":"pa_carga-rapida-si-18w","9":"pa_color-azul","10":"pa_color-blanco","11":"pa_color-gris","12":"pa_color-verde","13":"pa_escaner-de-iris-no","14":"pa_flash-fontal-no","15":"pa_lector-de-huella-si","16":"pa_memoria-interna-rom-128-gb","17":"pa_memoria-interna-rom-256-gb","18":"pa_memoria-ram-4-gb","19":"pa_memoria-ram-8-gb","20":"pa_memoria-sd-si","21":"pa_numero-de-sim-card-dos-2-sim-card","22":"pa_procesador-mediatek-helio-g85","23":"pa_resistencia-al-agua-no","24":"pa_resolucion-camara-frontal-8-mp","25":"pa_resolucion-camara-trasera-2mp","26":"pa_resolucion-camara-trasera-50mp","27":"pa_sistema-operativo-android-13","28":"pa_tamano-de-pantalla-309","29":"pa_tipo-de-camara-trasera-doble","30":"pa_tipo-de-pantalla-lcd-hd","32":"first","33":"outofstock","34":"shipping-taxable","35":"product-type-variable"},"jetpack_sharing_enabled":true,"_links":{"self":[{"href":"https:\/\/mistorecolombia.com\/inicio\/wp-json\/wp\/v2\/product\/3765","targetHints":{"allow":["GET"]}}],"collection":[{"href":"https:\/\/mistorecolombia.com\/inicio\/wp-json\/wp\/v2\/product"}],"about":[{"href":"https:\/\/mistorecolombia.com\/inicio\/wp-json\/wp\/v2\/types\/product"}],"wp:featuredmedia":[{"embeddable":true,"href":"https:\/\/mistorecolombia.com\/inicio\/wp-json\/wp\/v2\/media\/3769"}],"wp:attachment":[{"href":"https:\/\/mistorecolombia.com\/inicio\/wp-json\/wp\/v2\/media?parent=3765"}],"wp:term":[{"taxonomy":"product_brand","embeddable":true,"href":"https:\/\/mistorecolombia.com\/inicio\/wp-json\/wp\/v2\/product_brand?post=3765"},{"taxonomy":"product_cat","embeddable":true,"href":"https:\/\/mistorecolombia.com\/inicio\/wp-json\/wp\/v2\/product_cat?post=3765"},{"taxonomy":"product_tag","embeddable":true,"href":"https:\/\/mistorecolombia.com\/inicio\/wp-json\/wp\/v2\/product_tag?post=3765"}],"curies":[{"name":"wp","href":"https:\/\/api.w.org\/{rel}","templated":true}]}}