{"id":3631,"date":"2022-12-23T18:29:30","date_gmt":"2022-12-23T17:29:30","guid":{"rendered":"https:\/\/mistorecolombia.com\/inicio\/?post_type=product&#038;p=3631"},"modified":"2025-02-07T19:09:52","modified_gmt":"2025-02-08T00:09:52","slug":"redmi-watch-lite-2","status":"publish","type":"product","link":"https:\/\/mistorecolombia.com\/inicio\/producto\/redmi-watch-lite-2\/","title":{"rendered":"Redmi Watch Lite 2"},"content":{"rendered":"<div><\/div>\n<div class=\"title-subintr\">\n<p>Ponte en forma de manera inteligente<\/p>\n<p>&nbsp;<\/p>\n<\/div>\n","protected":false},"excerpt":{"rendered":"<p>Peso: 35 g<\/p>\n<p>Clasificaci\u00f3n de resistencia al agua: 5 ATM<\/p>\n<p>Tipo de pantalla: <span class=\"xm-text f-medium \" data-key=\"spec_13\" data-type=\"text\" data-id=\"213c079778\">Pantalla TFT (transistor de pel\u00edcula fina) cuadrada de 1,55&#8243;<\/span><span class=\"xm-text f-medium \" data-key=\"spec_14\" data-type=\"text\" data-id=\"54bc265974\">Resoluci\u00f3n: 320\u00a0\u00d7\u00a0360<\/span><\/p>\n<p>Sensores: <span class=\"xm-text f-medium \" data-key=\"spec_17\" data-type=\"text\" data-id=\"5820060d24\">Sensor \u00f3ptico de frecuencia cardiaca, aceler\u00f3metro, giroscopio y br\u00fajula electr\u00f3nica<\/span><span class=\"xm-text f-medium \" data-key=\"spec_18\" data-type=\"text\" data-id=\"a304c3d75c\">GPS\/GLONASS\/Galileo\/BeiDou<\/span><\/p>\n<p>Bater\u00eda: 262mAh<\/p>\n","protected":false},"featured_media":3632,"template":"","meta":{"_et_pb_use_builder":"","_et_pb_old_content":"","_et_gb_content_width":"","_exactmetrics_skip_tracking":false,"_exactmetrics_sitenote_active":false,"_exactmetrics_sitenote_note":"","_exactmetrics_sitenote_category":0,"_joinchat":[]},"product_brand":[],"product_cat":[51],"product_tag":[],"class_list":{"0":"post-3631","1":"product","2":"type-product","3":"status-publish","4":"has-post-thumbnail","6":"product_cat-smart-watches","7":"pa_bateria-262mah","8":"pa_color-negro","9":"pa_resistencia-al-agua-si","10":"pa_tamano-de-pantalla-283","11":"pa_tipo-de-pantalla-pantalla-tft-transistor-de-pelicula-fina-cuadrada","13":"first","14":"outofstock","15":"sale","16":"featured","17":"shipping-taxable","18":"purchasable","19":"product-type-simple"},"jetpack_sharing_enabled":true,"_links":{"self":[{"href":"https:\/\/mistorecolombia.com\/inicio\/wp-json\/wp\/v2\/product\/3631","targetHints":{"allow":["GET"]}}],"collection":[{"href":"https:\/\/mistorecolombia.com\/inicio\/wp-json\/wp\/v2\/product"}],"about":[{"href":"https:\/\/mistorecolombia.com\/inicio\/wp-json\/wp\/v2\/types\/product"}],"wp:featuredmedia":[{"embeddable":true,"href":"https:\/\/mistorecolombia.com\/inicio\/wp-json\/wp\/v2\/media\/3632"}],"wp:attachment":[{"href":"https:\/\/mistorecolombia.com\/inicio\/wp-json\/wp\/v2\/media?parent=3631"}],"wp:term":[{"taxonomy":"product_brand","embeddable":true,"href":"https:\/\/mistorecolombia.com\/inicio\/wp-json\/wp\/v2\/product_brand?post=3631"},{"taxonomy":"product_cat","embeddable":true,"href":"https:\/\/mistorecolombia.com\/inicio\/wp-json\/wp\/v2\/product_cat?post=3631"},{"taxonomy":"product_tag","embeddable":true,"href":"https:\/\/mistorecolombia.com\/inicio\/wp-json\/wp\/v2\/product_tag?post=3631"}],"curies":[{"name":"wp","href":"https:\/\/api.w.org\/{rel}","templated":true}]}}