{"id":3198,"date":"2022-06-15T19:27:45","date_gmt":"2022-06-15T17:27:45","guid":{"rendered":"https:\/\/mistorecolombia.com\/inicio\/?post_type=product&#038;p=3198"},"modified":"2024-09-11T22:00:35","modified_gmt":"2024-09-11T20:00:35","slug":"redmi-buds-3-lite","status":"publish","type":"product","link":"https:\/\/mistorecolombia.com\/inicio\/producto\/redmi-buds-3-lite\/","title":{"rendered":"Redmi Buds 4 Lite"},"content":{"rendered":"<div>Bluetooth\u00ae 5.3<\/div>\n<div>activa el modo de baja latencia mientras juegas con el m\u00f3vil para disfrutar de una experiencia de juego de nivel superior.<\/div>\n<div class=\"div35\"><span class=\"xm-text split_text723 f-regular\" data-key=\"overview_1\" data-type=\"text\" data-id=\"q5xkavqejb\">Diafragma din\u00e1mico de 12\u00a0mm<\/span><\/div>\n<div class=\"div36\"><span class=\"xm-text split_text724 f-bold\" data-key=\"overview_2\" data-type=\"text\" data-id=\"eh7sgrd2zz\">Calidad de sonido fiable e incre\u00edble<\/span><\/div>\n<div class=\"div37\"><span class=\"xm-text split_text722 f-light\" data-key=\"overview_3\" data-type=\"text\" data-id=\"af18u0mded\">NOVEDAD: El diafragma din\u00e1mico de 12\u00a0mm ofrece un rendimiento incre\u00edble. Distorsi\u00f3n baja, graves m\u00e1s ricos y tonos altos m\u00e1s claros, lo que da lugar a una calificaci\u00f3n THD \u2264 0,1\u00a0%, comprobado por el laboratorio de ac\u00fastica de Xiaomi.<\/span><\/div>\n<div>\n<div class=\"div42\"><span class=\"xm-text split_text726 f-regular\" data-key=\"overview_5\" data-type=\"text\" data-id=\"2edjnax700\">Compatible con Google Fast Pair<\/span><\/div>\n<div class=\"div43\"><span class=\"xm-text split_text727 f-bold\" data-key=\"overview_6\" data-type=\"text\" data-id=\"40csn2j0qe\">Solo tienes que abrir la tapa y listo.<\/span><\/div>\n<div class=\"div44\"><span class=\"xm-text split_text725 f-light\" data-key=\"overview_7\" data-type=\"text\" data-id=\"td44z7nvhl\">Con un solo toque, los Redmi Buds 4 Lite ofrecen un emparejamiento Bluetooth r\u00e1pido y sin esfuerzo con tus dispositivos Android*. Incluso puedes comprobar d\u00f3nde los dejaste por \u00faltima vez.<\/span><\/div>\n<\/div>\n","protected":false},"excerpt":{"rendered":"<p>Peso total: 36 g<\/p>\n<p>Puerto de carga: Tipo &#8211; C<\/p>\n<p>Conectividad inal\u00e1mbrica: Bluetooth 5.2<\/p>\n<p>Alcance inal\u00e1mbrico: 10 m<\/p>\n<p>Duraci\u00f3n bater\u00eda auriculares: Aprox. 5 h<\/p>\n<p>Duraci\u00f3n total de la bater\u00eda del estuche:\u00a0 Aprox. 18 h<\/p>\n","protected":false},"featured_media":3745,"template":"","meta":{"_et_pb_use_builder":"","_et_pb_old_content":"","_et_gb_content_width":"","_exactmetrics_skip_tracking":false,"_exactmetrics_sitenote_active":false,"_exactmetrics_sitenote_note":"","_exactmetrics_sitenote_category":0,"_joinchat":{"telephone":"+573186395987","message_send":"Hola estoy interesado en la promoci\u00f3n de los Redmi Buds 4 Lite.\nMi nombre es:\nVivo en:"}},"product_brand":[],"product_cat":[55],"product_tag":[],"class_list":{"0":"post-3198","1":"product","2":"type-product","3":"status-publish","4":"has-post-thumbnail","6":"product_cat-headphones","7":"pa_color-blanco","8":"pa_color-negro","10":"first","11":"outofstock","12":"sale","13":"shipping-taxable","14":"purchasable","15":"product-type-variable"},"jetpack_sharing_enabled":true,"_links":{"self":[{"href":"https:\/\/mistorecolombia.com\/inicio\/wp-json\/wp\/v2\/product\/3198","targetHints":{"allow":["GET"]}}],"collection":[{"href":"https:\/\/mistorecolombia.com\/inicio\/wp-json\/wp\/v2\/product"}],"about":[{"href":"https:\/\/mistorecolombia.com\/inicio\/wp-json\/wp\/v2\/types\/product"}],"wp:featuredmedia":[{"embeddable":true,"href":"https:\/\/mistorecolombia.com\/inicio\/wp-json\/wp\/v2\/media\/3745"}],"wp:attachment":[{"href":"https:\/\/mistorecolombia.com\/inicio\/wp-json\/wp\/v2\/media?parent=3198"}],"wp:term":[{"taxonomy":"product_brand","embeddable":true,"href":"https:\/\/mistorecolombia.com\/inicio\/wp-json\/wp\/v2\/product_brand?post=3198"},{"taxonomy":"product_cat","embeddable":true,"href":"https:\/\/mistorecolombia.com\/inicio\/wp-json\/wp\/v2\/product_cat?post=3198"},{"taxonomy":"product_tag","embeddable":true,"href":"https:\/\/mistorecolombia.com\/inicio\/wp-json\/wp\/v2\/product_tag?post=3198"}],"curies":[{"name":"wp","href":"https:\/\/api.w.org\/{rel}","templated":true}]}}