{"id":2,"date":"2019-09-17T01:26:25","date_gmt":"2019-09-16T23:26:25","guid":{"rendered":"https:\/\/mistorecolombia.com\/inicio\/?page_id=2"},"modified":"2025-02-28T09:29:46","modified_gmt":"2025-02-28T14:29:46","slug":"home","status":"publish","type":"page","link":"https:\/\/mistorecolombia.com\/inicio\/","title":{"rendered":"Home"},"content":{"rendered":"<p>[et_pb_section fb_built=\u00bb1&#8243; fullwidth=\u00bbon\u00bb _builder_version=\u00bb3.29.2&#8243; max_height=\u00bb1000px\u00bb saved_tabs=\u00bball\u00bb][et_pb_fullwidth_code _builder_version=\u00bb3.29.2&#8243;][\/et_pb_fullwidth_code][\/et_pb_section][et_pb_section fb_built=\u00bb1&#8243; _builder_version=\u00bb3.27.2&#8243; custom_padding=\u00bb0px||0px|||\u00bb saved_tabs=\u00bball\u00bb][et_pb_row column_structure=\u00bb1_3,1_3,1_3&#8243; _builder_version=\u00bb3.27.3&#8243;][et_pb_column type=\u00bb1_3&#8243; _builder_version=\u00bb3.27.3&#8243;][et_pb_blurb use_icon=\u00bbon\u00bb font_icon=\u00bb%%57%%\u00bb icon_placement=\u00bbleft\u00bb use_icon_font_size=\u00bbon\u00bb icon_font_size=\u00bb57px\u00bb _builder_version=\u00bb4.6.6&#8243; header_level=\u00bbh3&#8243; body_font=\u00bbAileron Light||||||||\u00bb body_font_size=\u00bb16px\u00bb body_line_height=\u00bb3em\u00bb background_color=\u00bb#f2f2f2&#8243; text_orientation=\u00bbcenter\u00bb custom_padding=\u00bb15px|15px|15px|15px|false|false\u00bb border_radii=\u00bbon|5px|5px|5px|5px\u00bb box_shadow_style=\u00bbpreset3&#8243;]<\/p>\n<p>Productos Garantizados<\/p>\n<p>[\/et_pb_blurb][\/et_pb_column][et_pb_column type=\u00bb1_3&#8243; _builder_version=\u00bb3.27.3&#8243;][et_pb_blurb use_icon=\u00bbon\u00bb font_icon=\u00bb%%113%%\u00bb icon_placement=\u00bbleft\u00bb use_icon_font_size=\u00bbon\u00bb icon_font_size=\u00bb57px\u00bb _builder_version=\u00bb4.6.6&#8243; header_level=\u00bbh3&#8243; body_font=\u00bbAileron Light||||||||\u00bb body_font_size=\u00bb16px\u00bb body_line_height=\u00bb3em\u00bb background_color=\u00bb#f2f2f2&#8243; text_orientation=\u00bbcenter\u00bb custom_padding=\u00bb15px|15px|15px|15px|false|false\u00bb border_radii=\u00bbon|5px|5px|5px|5px\u00bb box_shadow_style=\u00bbpreset3&#8243;]<\/p>\n<p>Todos los medios de pago<\/p>\n<p>[\/et_pb_blurb][\/et_pb_column][et_pb_column type=\u00bb1_3&#8243; _builder_version=\u00bb3.27.3&#8243;][et_pb_blurb use_icon=\u00bbon\u00bb font_icon=\u00bb%%93%%\u00bb icon_placement=\u00bbleft\u00bb use_icon_font_size=\u00bbon\u00bb icon_font_size=\u00bb57px\u00bb _builder_version=\u00bb4.6.6&#8243; header_level=\u00bbh3&#8243; body_font=\u00bbAileron Light||||||||\u00bb body_font_size=\u00bb16px\u00bb body_line_height=\u00bb3em\u00bb background_color=\u00bb#f2f2f2&#8243; text_orientation=\u00bbcenter\u00bb custom_padding=\u00bb15px|15px|15px|15px|false|false\u00bb border_radii=\u00bbon|5px|5px|5px|5px\u00bb box_shadow_style=\u00bbpreset3&#8243;]<\/p>\n<p>Pago Electronico Seguro<\/p>\n<p>[\/et_pb_blurb][\/et_pb_column][\/et_pb_row][\/et_pb_section][et_pb_section fb_built=\u00bb1&#8243; _builder_version=\u00bb3.27.2&#8243; custom_padding=\u00bb12px||0px|||\u00bb saved_tabs=\u00bball\u00bb][et_pb_row _builder_version=\u00bb3.27.2&#8243; custom_padding=\u00bb18px||18px||false|false\u00bb][et_pb_column type=\u00bb4_4&#8243; _builder_version=\u00bb3.27.2&#8243;][et_pb_text _builder_version=\u00bb4.7.4&#8243; text_font=\u00bbAileron UltraLigth||||||||\u00bb header_font=\u00bbAileron Thin||||||||\u00bb header_font_size=\u00bb37px\u00bb text_orientation=\u00bbcenter\u00bb border_width_bottom=\u00bb1px\u00bb border_color_bottom=\u00bb#fd4900&#8243; text_text_align=\u00bbcenter\u00bb]<\/p>\n<h2 style=\"text-align: left;\">Encuentra lo que buscas<\/h2>\n<p>[\/et_pb_text][et_pb_text _builder_version=\u00bb4.7.4&#8243; custom_margin=\u00bb||100px||false|false\u00bb locked=\u00bboff\u00bb]<\/p>\n\t\t<div class=\"ysm-search-widget ysm-search-widget-1\">\n\t\t\t<form data-id=\"1\" role=\"search\" method=\"get\" class=\"search-form\" action=\"https:\/\/mistorecolombia.com\/inicio\/\">\n\t\t\t\t<div class=\"ysm-smart-search-input-holder\">\n\t\t\t\t\t<label for=\"ysm-smart-search-1-69e13fd8a1e99\">\n\t\t\t\t\t\t<span class=\"screen-reader-text\">Buscar<\/span>\n                        <input type=\"search\" name=\"s\" value=\"\" id=\"ysm-smart-search-1-69e13fd8a1e99\" class=\"search-field\" placeholder=\"Buscar\" \/>\n                    <\/label>\n\t\t\t\t\t<input type=\"hidden\" name=\"search_id\" value=\"1\" \/>\n\t\t\t\t\t\t\t\t\t\t\t<input type=\"hidden\" name=\"post_type\" value=\"product\" \/>\n\t\t\t\t\t\t\t\t\t\t\t\t\t\t\t<button type=\"submit\" class=\"search-submit\" aria-label=\"Buscar\"><span class=\"screen-reader-text\">Buscar<\/span><\/button>\n\t\t\t\t<\/div>\n\t\t\t<\/form>\n\t\t<\/div>\n\t\t\n<p>[\/et_pb_text][et_pb_text _builder_version=\u00bb4.7.4&#8243; text_font=\u00bbAileron UltraLigth||||||||\u00bb header_font=\u00bbAileron Thin||||||||\u00bb header_font_size=\u00bb37px\u00bb text_orientation=\u00bbcenter\u00bb border_width_bottom=\u00bb1px\u00bb border_color_bottom=\u00bb#fd4900&#8243; text_text_align=\u00bbcenter\u00bb]<\/p>\n<h2 style=\"text-align: left;\">Elige tu combo y ahorra<\/h2>\n<p>[\/et_pb_text][et_pb_text _builder_version=\u00bb3.29.3&#8243;]<\/p>\n<div class=\"n2-has-copy n2-code n2-ss-slider-shortcode-id\" onclick=\"return selectText(this);\"><\/div>\n<p>[\/et_pb_text][et_pb_text _builder_version=\u00bb3.29.2&#8243; text_font=\u00bbAileron UltraLigth||||||||\u00bb header_font=\u00bbAileron Thin||||||||\u00bb header_font_size=\u00bb37px\u00bb text_orientation=\u00bbcenter\u00bb border_width_bottom=\u00bb1px\u00bb border_color_bottom=\u00bb#fd4900&#8243; text_text_align=\u00bbcenter\u00bb]<\/p>\n<h2 style=\"text-align: left\">Smartphones<\/h2>\n<p>[\/et_pb_text][et_pb_text _builder_version=\u00bb3.29.3&#8243;]<\/p>\n<div class=\"n2-has-copy n2-code n2-ss-slider-shortcode-id\"><\/div>\n<p>[\/et_pb_text][et_pb_text _builder_version=\u00bb3.29.3&#8243; text_font=\u00bbAileron UltraLigth||||||||\u00bb header_font=\u00bbAileron Thin||||||||\u00bb header_font_size=\u00bb37px\u00bb text_orientation=\u00bbcenter\u00bb border_width_bottom=\u00bb1px\u00bb border_color_bottom=\u00bb#fd4900&#8243; text_text_align=\u00bbcenter\u00bb]<\/p>\n<h2 style=\"text-align: left\">Smartwatch<\/h2>\n<p>[\/et_pb_text][et_pb_text _builder_version=\u00bb3.29.3&#8243;]<\/p>\n<div class=\"n2-has-copy n2-code n2-ss-slider-shortcode-id\">\n<div class=\"n2-has-copy n2-code n2-ss-slider-shortcode-id\"><\/div>\n<\/div>\n<p>[\/et_pb_text][et_pb_text _builder_version=\u00bb3.29.3&#8243; text_font=\u00bbAileron UltraLigth||||||||\u00bb header_font=\u00bbAileron Thin||||||||\u00bb header_font_size=\u00bb37px\u00bb text_orientation=\u00bbcenter\u00bb border_width_bottom=\u00bb1px\u00bb border_color_bottom=\u00bb#fd4900&#8243; text_text_align=\u00bbcenter\u00bb]<\/p>\n<h2 style=\"text-align: left\">Headphones<\/h2>\n<p>[\/et_pb_text][et_pb_text _builder_version=\u00bb3.29.3&#8243;]<\/p>\n<div class=\"n2-has-copy n2-code n2-ss-slider-shortcode-id\">\n<div class=\"n2-has-copy n2-code n2-ss-slider-shortcode-id\"><\/div>\n<\/div>\n<p>[\/et_pb_text][et_pb_text _builder_version=\u00bb3.29.3&#8243; text_font=\u00bbAileron UltraLigth||||||||\u00bb header_font=\u00bbAileron Thin||||||||\u00bb header_font_size=\u00bb37px\u00bb text_orientation=\u00bbcenter\u00bb border_width_bottom=\u00bb1px\u00bb border_color_bottom=\u00bb#fd4900&#8243; text_text_align=\u00bbcenter\u00bb]<\/p>\n<h2 style=\"text-align: left\">Accesorios<\/h2>\n<p>[\/et_pb_text][et_pb_text _builder_version=\u00bb3.29.3&#8243;]<\/p>\n<div class=\"n2-has-copy n2-code n2-ss-slider-shortcode-id\">\n<div class=\"n2-has-copy n2-code n2-ss-slider-shortcode-id\"><\/div>\n<\/div>\n<p>[\/et_pb_text][et_pb_button button_url=\u00bbhttps:\/\/mistorecolombia.com\/inicio\/tienda\u00bb button_text=\u00bbVer todos los productos\u00bb button_alignment=\u00bbcenter\u00bb _builder_version=\u00bb3.29.3&#8243; custom_button=\u00bbon\u00bb button_text_size=\u00bb20px\u00bb button_text_color=\u00bb#ffffff\u00bb button_bg_color=\u00bb#fd4900&#8243; button_border_width=\u00bb0px\u00bb button_border_color=\u00bb#fd4900&#8243; button_font=\u00bbAileron Light||||||||\u00bb button_on_hover=\u00bboff\u00bb background_layout=\u00bbdark\u00bb custom_margin=\u00bb||17px|||\u00bb][\/et_pb_button][\/et_pb_column][\/et_pb_row][et_pb_row _builder_version=\u00bb4.7.4&#8243; _module_preset=\u00bbdefault\u00bb][et_pb_column type=\u00bb4_4&#8243; _builder_version=\u00bb4.7.4&#8243; _module_preset=\u00bbdefault\u00bb][\/et_pb_column][\/et_pb_row][\/et_pb_section]<\/p>\n","protected":false},"excerpt":{"rendered":"<p>[et_pb_section fb_built=\u00bb1&#8243; fullwidth=\u00bbon\u00bb _builder_version=\u00bb3.29.2&#8243; max_height=\u00bb1000px\u00bb saved_tabs=\u00bball\u00bb][et_pb_fullwidth_code _builder_version=\u00bb3.29.2&#8243;][\/et_pb_fullwidth_code][\/et_pb_section][et_pb_section fb_built=\u00bb1&#8243; _builder_version=\u00bb3.27.2&#8243; custom_padding=\u00bb0px||0px|||\u00bb saved_tabs=\u00bball\u00bb][et_pb_row column_structure=\u00bb1_3,1_3,1_3&#8243; _builder_version=\u00bb3.27.3&#8243;][et_pb_column type=\u00bb1_3&#8243; _builder_version=\u00bb3.27.3&#8243;][et_pb_blurb use_icon=\u00bbon\u00bb font_icon=\u00bb%%57%%\u00bb icon_placement=\u00bbleft\u00bb use_icon_font_size=\u00bbon\u00bb icon_font_size=\u00bb57px\u00bb _builder_version=\u00bb4.6.6&#8243; header_level=\u00bbh3&#8243; body_font=\u00bbAileron Light||||||||\u00bb body_font_size=\u00bb16px\u00bb body_line_height=\u00bb3em\u00bb background_color=\u00bb#f2f2f2&#8243; text_orientation=\u00bbcenter\u00bb custom_padding=\u00bb15px|15px|15px|15px|false|false\u00bb border_radii=\u00bbon|5px|5px|5px|5px\u00bb box_shadow_style=\u00bbpreset3&#8243;] Productos Garantizados [\/et_pb_blurb][\/et_pb_column][et_pb_column type=\u00bb1_3&#8243; _builder_version=\u00bb3.27.3&#8243;][et_pb_blurb use_icon=\u00bbon\u00bb font_icon=\u00bb%%113%%\u00bb icon_placement=\u00bbleft\u00bb use_icon_font_size=\u00bbon\u00bb icon_font_size=\u00bb57px\u00bb _builder_version=\u00bb4.6.6&#8243; header_level=\u00bbh3&#8243; body_font=\u00bbAileron Light||||||||\u00bb body_font_size=\u00bb16px\u00bb body_line_height=\u00bb3em\u00bb background_color=\u00bb#f2f2f2&#8243; text_orientation=\u00bbcenter\u00bb custom_padding=\u00bb15px|15px|15px|15px|false|false\u00bb border_radii=\u00bbon|5px|5px|5px|5px\u00bb box_shadow_style=\u00bbpreset3&#8243;] Todos los medios [&hellip;]<\/p>\n","protected":false},"author":2,"featured_media":0,"parent":0,"menu_order":0,"comment_status":"closed","ping_status":"closed","template":"","meta":{"_et_pb_use_builder":"on","_et_pb_old_content":"<!-- wp:paragraph -->\r\n<p>Esta es una p\u00e1gina de ejemplo. Es diferente a una entrada del blog porque permanecer\u00e1 en un solo lugar y aparecer\u00e1 en la navegaci\u00f3n de tu sitio (en la mayor\u00eda de los temas). La mayor\u00eda de las personas comienzan con una p\u00e1gina \u00abAcerca de\u00bb que les presenta a los visitantes potenciales del sitio. Podr\u00edas decir algo as\u00ed:<\/p>\r\n<!-- \/wp:paragraph -->\r\n\r\n<!-- wp:quote -->\r\n<blockquote class=\"wp-block-quote\"><p>\u00a1Bienvenido! Soy camarero de d\u00eda, aspirante a actor de noche y esta es mi web. Vivo en Mairena del Alcor, tengo un perro que se llama Firulais y me gusta el rebujito. (Y las tardes largas con caf\u00e9).<\/p><\/blockquote>\r\n<!-- \/wp:quote -->\r\n\r\n<!-- wp:paragraph -->\r\n<p>\u2026o algo as\u00ed:<\/p>\r\n<!-- \/wp:paragraph -->\r\n\r\n<!-- wp:quote -->\r\n<blockquote class=\"wp-block-quote\"><p>La empresa \u00abMariscos Recio\u00bb fue fundada por Antonio Recio Mata. Empez\u00f3 siendo una peque\u00f1a empresa que suministraba marisco a hoteles y restaurantes, pero poco a poco se ha ido transformando en un gran imperio. Mariscos Recio, el mar al mejor precio.<\/p><\/blockquote>\r\n<!-- \/wp:quote -->\r\n\r\n<!-- wp:paragraph -->\r\n<p>Como nuevo usuario de WordPress, deber\u00edas ir a <a href=\"https:\/\/mistorecolombia.com\/inicio\/wp-admin\/\">tu escritorio<\/a> para borrar esta p\u00e1gina y crear nuevas p\u00e1ginas para tu contenido. \u00a1P\u00e1salo bien!<\/p>\r\n<!-- \/wp:paragraph -->","_et_gb_content_width":"","_exactmetrics_skip_tracking":false,"_exactmetrics_sitenote_active":false,"_exactmetrics_sitenote_note":"","_exactmetrics_sitenote_category":0,"_joinchat":{"telephone":"+573147109440","message_send":"Hola Buen d\u00eda me encuentro interesad@ adquirir un producto.\n*Mi Nombre es:*\n*Ciudad:*\n*Producto:*"},"footnotes":""},"class_list":["post-2","page","type-page","status-publish","hentry"],"jetpack_sharing_enabled":true,"_links":{"self":[{"href":"https:\/\/mistorecolombia.com\/inicio\/wp-json\/wp\/v2\/pages\/2","targetHints":{"allow":["GET"]}}],"collection":[{"href":"https:\/\/mistorecolombia.com\/inicio\/wp-json\/wp\/v2\/pages"}],"about":[{"href":"https:\/\/mistorecolombia.com\/inicio\/wp-json\/wp\/v2\/types\/page"}],"author":[{"embeddable":true,"href":"https:\/\/mistorecolombia.com\/inicio\/wp-json\/wp\/v2\/users\/2"}],"replies":[{"embeddable":true,"href":"https:\/\/mistorecolombia.com\/inicio\/wp-json\/wp\/v2\/comments?post=2"}],"version-history":[{"count":50,"href":"https:\/\/mistorecolombia.com\/inicio\/wp-json\/wp\/v2\/pages\/2\/revisions"}],"predecessor-version":[{"id":3902,"href":"https:\/\/mistorecolombia.com\/inicio\/wp-json\/wp\/v2\/pages\/2\/revisions\/3902"}],"wp:attachment":[{"href":"https:\/\/mistorecolombia.com\/inicio\/wp-json\/wp\/v2\/media?parent=2"}],"curies":[{"name":"wp","href":"https:\/\/api.w.org\/{rel}","templated":true}]}}